{"id":9139,"date":"2023-11-26T12:35:05","date_gmt":"2023-11-26T11:35:05","guid":{"rendered":"http:\/\/www.lesjardinsdelaroussiere.fr\/?page_id=9139"},"modified":"2025-11-01T10:09:00","modified_gmt":"2025-11-01T09:09:00","slug":"les-champignons","status":"publish","type":"page","link":"https:\/\/www.lesjardinsdelaroussiere.fr\/?page_id=9139","title":{"rendered":"Les champignons"},"content":{"rendered":"<p><a href=\"http:\/\/lafermedecedric.fr\/index.php\/a-propos-de-fabien\/\" target=\"_blank\" rel=\"noopener\"><img decoding=\"async\" loading=\"lazy\" class=\"aligncenter size-medium wp-image-9146\" src=\"http:\/\/lesjardinsdelaroussiere.fr\/wp-content\/uploads\/2023\/11\/Logo-Ferme-de-Cedric-300x107.jpg\" alt=\"\" width=\"300\" height=\"107\" srcset=\"http:\/\/lesjardinsdelaroussiere.fr\/wp-content\/uploads\/2023\/11\/Logo-Ferme-de-Cedric-300x107.jpg 300w, http:\/\/lesjardinsdelaroussiere.fr\/wp-content\/uploads\/2023\/11\/Logo-Ferme-de-Cedric.jpg 490w\" sizes=\"(max-width: 300px) 100vw, 300px\" \/><\/a><\/p>\n<p>Fabien PERRAULT de \u00ab la Ferme de C\u00e9dric \u00bb est un jeune producteur de champignons (Pleurote, Shiitak\u00e9 et Pholiotte) dans le Segr\u00e9en.<\/p>\n<p>Il propose un contrat avec 2 distributions par mois et des quantit\u00e9s de 300 g, 500 g ou 1 kg.<\/p>\n<p>Ces champignons sont int\u00e9ressants \u00e0 plus d\u2019un titre : ils sont tout d\u2019abord excellents gustativement, ils sont bons pour la sant\u00e9 (riches en vitamines, prot\u00e9ines, peu caloriques et contiennent de puissants anti-oxydants) et peuvent offrir une belle alternative \u00e0 celles et ceux qui souhaitent r\u00e9duire leur consommation carn\u00e9e<\/p>\n<p>Pour plus d\u2019informations sur le parcours de Fabien vous pouvez aller visiter son site web :<\/p>\n<p><a href=\"http:\/\/lafermedecedric.fr\/index.php\/a-propos-de-fabien\/\" target=\"_blank\" rel=\"noopener\">La Ferme de C\u00e9dric<\/a><\/p>\n<p>D\u00e9couvrir le contrat : <a href=\"http:\/\/lesjardinsdelaroussiere.fr\/wp-content\/uploads\/2025\/11\/Contrat-CHAMPIGNONS-2025-2026-v2.pdf\" target=\"_blank\" rel=\"noopener\">produits, tarifs et dates de livraison<\/a><\/p>\n<table style=\"width: 100%;\" border=\"0\" cellspacing=\"0\" cellpadding=\"0\">\n<tbody>\n<tr>\n<td style=\"width: 47.089%;\" colspan=\"2\" width=\"160\" height=\"20\"><strong>Contrat Producteur :<\/strong><\/td>\n<td style=\"width: 52.911%;\" colspan=\"2\" width=\"160\"><strong>Contact personne r\u00e9f\u00e9rente :<\/strong><\/td>\n<\/tr>\n<tr>\n<td style=\"width: 27.226%;\" height=\"20\"><\/td>\n<td style=\"width: 19.863%;\"><\/td>\n<td style=\"width: 50.3425%;\"><\/td>\n<td style=\"width: 2.56849%;\"><\/td>\n<\/tr>\n<tr>\n<td style=\"width: 47.089%;\" colspan=\"2\" height=\"20\">Fabien Perrault<\/td>\n<td style=\"width: 50.3425%;\">Fran\u00e7ois Ferrapie<\/td>\n<td style=\"width: 2.56849%;\"><\/td>\n<\/tr>\n<tr>\n<td style=\"width: 27.226%;\" height=\"20\"><\/td>\n<td style=\"width: 19.863%;\"><\/td>\n<td style=\"width: 50.3425%;\"><\/td>\n<td style=\"width: 2.56849%;\"><\/td>\n<\/tr>\n<tr>\n<td style=\"width: 47.089%;\" colspan=\"2\" height=\"20\">Ombr\u00e9e d&rsquo;Anjou<\/td>\n<td style=\"width: 50.3425%;\">\u00a0Montreuil-Juign\u00e9<\/td>\n<td style=\"width: 2.56849%;\"><\/td>\n<\/tr>\n<tr>\n<td style=\"width: 47.089%;\" colspan=\"2\" height=\"20\"><a href=\"mailto:contact@lafermedeCedric.fr\" target=\"_blank\" rel=\"noopener\">contact@lafermedeCedric.fr<\/a><\/td>\n<td style=\"width: 50.3425%;\"><a href=\"mailto:fferrapie@orange.fr\" target=\"_blank\" rel=\"noopener\">fferrapie@orange.fr<\/a><\/td>\n<\/tr>\n<\/tbody>\n<\/table>\n","protected":false},"excerpt":{"rendered":"<p>Fabien PERRAULT de \u00ab la Ferme de C\u00e9dric \u00bb est un jeune producteur de champignons (Pleurote, Shiitak\u00e9 et Pholiotte) dans le Segr\u00e9en. Il propose un contrat avec 2 distributions par mois et des quantit\u00e9s de 300 g, 500 g ou &hellip; <a href=\"https:\/\/www.lesjardinsdelaroussiere.fr\/?page_id=9139\">Continuer la lecture <span class=\"meta-nav\">&rarr;<\/span><\/a><\/p>\n","protected":false},"author":1,"featured_media":0,"parent":145,"menu_order":0,"comment_status":"closed","ping_status":"closed","template":"","meta":[],"_links":{"self":[{"href":"https:\/\/www.lesjardinsdelaroussiere.fr\/index.php?rest_route=\/wp\/v2\/pages\/9139"}],"collection":[{"href":"https:\/\/www.lesjardinsdelaroussiere.fr\/index.php?rest_route=\/wp\/v2\/pages"}],"about":[{"href":"https:\/\/www.lesjardinsdelaroussiere.fr\/index.php?rest_route=\/wp\/v2\/types\/page"}],"author":[{"embeddable":true,"href":"https:\/\/www.lesjardinsdelaroussiere.fr\/index.php?rest_route=\/wp\/v2\/users\/1"}],"replies":[{"embeddable":true,"href":"https:\/\/www.lesjardinsdelaroussiere.fr\/index.php?rest_route=%2Fwp%2Fv2%2Fcomments&post=9139"}],"version-history":[{"count":12,"href":"https:\/\/www.lesjardinsdelaroussiere.fr\/index.php?rest_route=\/wp\/v2\/pages\/9139\/revisions"}],"predecessor-version":[{"id":9468,"href":"https:\/\/www.lesjardinsdelaroussiere.fr\/index.php?rest_route=\/wp\/v2\/pages\/9139\/revisions\/9468"}],"up":[{"embeddable":true,"href":"https:\/\/www.lesjardinsdelaroussiere.fr\/index.php?rest_route=\/wp\/v2\/pages\/145"}],"wp:attachment":[{"href":"https:\/\/www.lesjardinsdelaroussiere.fr\/index.php?rest_route=%2Fwp%2Fv2%2Fmedia&parent=9139"}],"curies":[{"name":"wp","href":"https:\/\/api.w.org\/{rel}","templated":true}]}}