{"id":8702,"date":"2021-01-04T10:20:26","date_gmt":"2021-01-04T09:20:26","guid":{"rendered":"http:\/\/www.lesjardinsdelaroussiere.fr\/?page_id=8702"},"modified":"2025-11-07T19:20:33","modified_gmt":"2025-11-07T18:20:33","slug":"les-produits-laitiers","status":"publish","type":"page","link":"https:\/\/www.lesjardinsdelaroussiere.fr\/?page_id=8702","title":{"rendered":"Les produits laitiers de vache"},"content":{"rendered":"<p>&nbsp;<\/p>\n<p align=\"center\"><strong>J\u00e9r\u00f4me COCHARD<\/strong><\/p>\n<p><strong>Lieu de production : CHAMPIGNE (49) :<br \/>\n<\/strong><\/p>\n<p>&nbsp;<\/p>\n<p><a href=\"http:\/\/www.lesjardinsdelaroussiere.fr\/?attachment_id=8704\" rel=\"attachment wp-att-8704\"><img decoding=\"async\" loading=\"lazy\" class=\"aligncenter size-full wp-image-8704\" src=\"http:\/\/lesjardinsdelaroussiere.fr\/wp-content\/uploads\/2021\/01\/Carte_Champigne.jpg\" alt=\"\" width=\"350\" height=\"335\" srcset=\"http:\/\/lesjardinsdelaroussiere.fr\/wp-content\/uploads\/2021\/01\/Carte_Champigne.jpg 350w, http:\/\/lesjardinsdelaroussiere.fr\/wp-content\/uploads\/2021\/01\/Carte_Champigne-300x287.jpg 300w, http:\/\/lesjardinsdelaroussiere.fr\/wp-content\/uploads\/2021\/01\/Carte_Champigne-313x300.jpg 313w\" sizes=\"(max-width: 350px) 100vw, 350px\" \/><\/a><\/p>\n<p><strong>Pr\u00e9sentation exploitation :<br \/>\n<\/strong><\/p>\n<p style=\"text-align: justify;\">J\u00e9r\u00f4me COCHARD est membre avec Cyril du GAEC du Bois Fleury, et tous deux produisent du lait cru et du fromage certifi\u00e9 bio dans leur ferme.<\/p>\n<p style=\"text-align: justify;\">Ils \u00e9l\u00e8vent des vaches laiti\u00e8res brunes des Alpes et Tarentaises, font de la transformation laiti\u00e8re, mais aussi de l&rsquo;abattage, de la vente directe de viande, ch\u00e8vres et engraissement de porc pour valoriser le petit lait g\u00e9n\u00e9r\u00e9 par la fromagerie.<\/p>\n<p><strong>Contrat produits laitiers de vache :<br \/>\n<\/strong><\/p>\n<p>Son contrat propose du lait cru entier, du fromage blanc, du fromage \u00e0 tartiner ail ciboulette, du fromage frais ou affin\u00e9 en forme de c\u0153ur et de la tomme.<\/p>\n<p style=\"text-align: justify;\">Les distributions ont lieu toutes les 2 semaines.<\/p>\n<p>D\u00e9couvrir le contrat : <a href=\"http:\/\/lesjardinsdelaroussiere.fr\/wp-content\/uploads\/2025\/11\/Contrat-Pdts-laitiers-vache-nov2025-avr2026.pdf\" target=\"_blank\" rel=\"noopener\">produits, tarifs et dates de livraison<\/a><\/p>\n<table style=\"width: 109.076%; height: 213px;\" border=\"0\" cellspacing=\"0\" cellpadding=\"0\">\n<colgroup>\n<col span=\"5\" width=\"80\" \/><\/colgroup>\n<tbody>\n<tr style=\"height: 24px;\">\n<td style=\"width: 54.7614%; height: 24px;\" colspan=\"2\" width=\"160\" height=\"20\"><strong>Contrat Producteur :<\/strong><\/td>\n<td style=\"width: 54.131%; height: 24px;\" colspan=\"2\" width=\"80\">\u00a0<strong>Contact personne r\u00e9f\u00e9rente :<\/strong><\/td>\n<\/tr>\n<tr style=\"height: 24px;\">\n<td style=\"width: 42.6652%; height: 24px;\" height=\"20\"><\/td>\n<td style=\"width: 12.0962%; height: 24px;\"><\/td>\n<td style=\"width: 43.6739%; height: 24px;\"><\/td>\n<td style=\"width: 10.4571%; height: 24px;\"><\/td>\n<\/tr>\n<tr style=\"height: 21px;\">\n<td style=\"width: 54.7614%; height: 21px;\" colspan=\"2\" height=\"20\"><strong>J\u00e9r\u00f4me COCHARD<\/strong><\/td>\n<td style=\"width: 43.6739%; height: 21px;\">Dominique BEAUDOIN<\/td>\n<td style=\"width: 10.4571%; height: 21px;\"><\/td>\n<\/tr>\n<tr style=\"height: 48px;\">\n<td style=\"width: 42.6652%; height: 48px;\" height=\"20\">GAEC du Bois Fleury, Le Bois Fleury<\/td>\n<td style=\"width: 12.0962%; height: 48px;\"><\/td>\n<td style=\"width: 43.6739%; height: 48px;\"><\/td>\n<td style=\"width: 10.4571%; height: 48px;\"><\/td>\n<\/tr>\n<tr style=\"height: 24px;\">\n<td style=\"width: 54.7614%; height: 24px;\" colspan=\"2\" height=\"20\">49330 CHAMPIGNE<\/td>\n<td style=\"width: 43.6739%; height: 24px;\"><\/td>\n<td style=\"width: 10.4571%; height: 24px;\"><\/td>\n<\/tr>\n<tr style=\"height: 24px;\">\n<td style=\"width: 54.7614%; height: 24px;\" colspan=\"2\" height=\"20\">T\u00e9l. : 06 17 43 67 63<\/td>\n<td style=\"width: 43.6739%; height: 24px;\"><\/td>\n<td style=\"width: 10.4571%; height: 24px;\"><\/td>\n<\/tr>\n<tr style=\"height: 24px;\">\n<td style=\"width: 42.6652%; height: 24px;\" height=\"20\"><\/td>\n<td style=\"width: 12.0962%; height: 24px;\"><\/td>\n<td style=\"width: 43.6739%; height: 24px;\"><\/td>\n<td style=\"width: 10.4571%; height: 24px;\"><\/td>\n<\/tr>\n<tr style=\"height: 24px;\">\n<td style=\"width: 54.7614%; height: 24px;\" colspan=\"2\" height=\"20\">Email : <strong><a href=\"mailto:bois.fleury@lilo.org\">bois.fleury@lilo.org<\/a><\/strong><\/td>\n<td style=\"width: 54.131%; height: 24px;\" colspan=\"2\">Email :\u00a0<a href=\"mailto:domisabeaudoin@sfr.fr\" target=\"_blank\" rel=\"noopener\"><strong>domisabeaudoin@sfr.fr<\/strong><\/a><\/td>\n<\/tr>\n<\/tbody>\n<\/table>\n","protected":false},"excerpt":{"rendered":"<p>&nbsp; J\u00e9r\u00f4me COCHARD Lieu de production : CHAMPIGNE (49) : &nbsp; Pr\u00e9sentation exploitation : J\u00e9r\u00f4me COCHARD est membre avec Cyril du GAEC du Bois Fleury, et tous deux produisent du lait cru et du fromage certifi\u00e9 bio dans leur ferme. &hellip; <a href=\"https:\/\/www.lesjardinsdelaroussiere.fr\/?page_id=8702\">Continuer la lecture <span class=\"meta-nav\">&rarr;<\/span><\/a><\/p>\n","protected":false},"author":1,"featured_media":0,"parent":145,"menu_order":0,"comment_status":"closed","ping_status":"closed","template":"","meta":[],"_links":{"self":[{"href":"https:\/\/www.lesjardinsdelaroussiere.fr\/index.php?rest_route=\/wp\/v2\/pages\/8702"}],"collection":[{"href":"https:\/\/www.lesjardinsdelaroussiere.fr\/index.php?rest_route=\/wp\/v2\/pages"}],"about":[{"href":"https:\/\/www.lesjardinsdelaroussiere.fr\/index.php?rest_route=\/wp\/v2\/types\/page"}],"author":[{"embeddable":true,"href":"https:\/\/www.lesjardinsdelaroussiere.fr\/index.php?rest_route=\/wp\/v2\/users\/1"}],"replies":[{"embeddable":true,"href":"https:\/\/www.lesjardinsdelaroussiere.fr\/index.php?rest_route=%2Fwp%2Fv2%2Fcomments&post=8702"}],"version-history":[{"count":14,"href":"https:\/\/www.lesjardinsdelaroussiere.fr\/index.php?rest_route=\/wp\/v2\/pages\/8702\/revisions"}],"predecessor-version":[{"id":9472,"href":"https:\/\/www.lesjardinsdelaroussiere.fr\/index.php?rest_route=\/wp\/v2\/pages\/8702\/revisions\/9472"}],"up":[{"embeddable":true,"href":"https:\/\/www.lesjardinsdelaroussiere.fr\/index.php?rest_route=\/wp\/v2\/pages\/145"}],"wp:attachment":[{"href":"https:\/\/www.lesjardinsdelaroussiere.fr\/index.php?rest_route=%2Fwp%2Fv2%2Fmedia&parent=8702"}],"curies":[{"name":"wp","href":"https:\/\/api.w.org\/{rel}","templated":true}]}}