{"id":739,"date":"2011-12-07T21:56:09","date_gmt":"2011-12-07T20:56:09","guid":{"rendered":"http:\/\/www.lesjardinsdelaroussiere.fr\/?page_id=739"},"modified":"2026-02-22T17:34:02","modified_gmt":"2026-02-22T16:34:02","slug":"la-viande-de-boeuf","status":"publish","type":"page","link":"https:\/\/www.lesjardinsdelaroussiere.fr\/?page_id=739","title":{"rendered":"La viande de b\u0153uf et de veau"},"content":{"rendered":"<p align=\"center\"><strong>EARL Brisset<\/strong><\/p>\n<p><span style=\"color: #ffffff; background-color: #c0c0c0;\"><strong>Lieu de production\u00a0: BEAUCOUZE (49) :<br \/>\n<\/strong><\/span><\/p>\n<p><a href=\"http:\/\/lesjardinsdelaroussiere.fr\/wp-content\/uploads\/2013\/04\/Philippe_BRISSET_La_Grande_Houssaie_Beaucouze.png\"><img decoding=\"async\" loading=\"lazy\" class=\"aligncenter size-full wp-image-1491\" src=\"http:\/\/lesjardinsdelaroussiere.fr\/wp-content\/uploads\/2013\/04\/Philippe_BRISSET_La_Grande_Houssaie_Beaucouze.png\" alt=\"Plan Philippe BRISSET La Grande Houssaie Beaucouze\" width=\"400\" height=\"358\" srcset=\"http:\/\/lesjardinsdelaroussiere.fr\/wp-content\/uploads\/2013\/04\/Philippe_BRISSET_La_Grande_Houssaie_Beaucouze.png 400w, http:\/\/lesjardinsdelaroussiere.fr\/wp-content\/uploads\/2013\/04\/Philippe_BRISSET_La_Grande_Houssaie_Beaucouze-300x268.png 300w, http:\/\/lesjardinsdelaroussiere.fr\/wp-content\/uploads\/2013\/04\/Philippe_BRISSET_La_Grande_Houssaie_Beaucouze-335x300.png 335w\" sizes=\"(max-width: 400px) 100vw, 400px\" \/><\/a><span style=\"color: #ffffff; background-color: #c0c0c0;\"><strong>Pr\u00e9sentation de l&rsquo;exploitation :<br \/>\n<\/strong><\/span><\/p>\n<p style=\"text-align: justify;\"><a href=\"http:\/\/lesjardinsdelaroussiere.fr\/wp-content\/uploads\/2013\/04\/13042013_Ferme_La_Grande_Houssaie.png\"><img decoding=\"async\" loading=\"lazy\" class=\"alignleft size-full wp-image-1505\" src=\"http:\/\/lesjardinsdelaroussiere.fr\/wp-content\/uploads\/2013\/04\/13042013_Ferme_La_Grande_Houssaie.png\" alt=\"Philippe et Isabelle BRISSET Ferme La Grande Houssaie\" width=\"302\" height=\"114\" srcset=\"http:\/\/lesjardinsdelaroussiere.fr\/wp-content\/uploads\/2013\/04\/13042013_Ferme_La_Grande_Houssaie.png 302w, http:\/\/lesjardinsdelaroussiere.fr\/wp-content\/uploads\/2013\/04\/13042013_Ferme_La_Grande_Houssaie-300x113.png 300w\" sizes=\"(max-width: 302px) 100vw, 302px\" \/><\/a>Install\u00e9 depuis 1985 \u00e0 Beaucouz\u00e9, <strong>Philippe BRISSET<\/strong> produit depuis 1985 des vaches allaitantes et des cultures, certifi\u00e9es en agriculture biologique depuis 1997.<\/p>\n<p style=\"text-align: justify;\">En 2003, Isabelle rejoint avec Philippe BRISSET sur l\u2019exploitation suite au d\u00e9veloppement de la vente directe \u00e0 la ferme pour la viande bovine (veau et vache), puis des volailles et des moutons.<\/p>\n<p><a href=\"http:\/\/lesjardinsdelaroussiere.fr\/wp-content\/uploads\/2013\/04\/13042013_Poules_La_Grande_Houssaie.png\"><img decoding=\"async\" loading=\"lazy\" class=\"size-thumbnail wp-image-1506 alignleft\" src=\"http:\/\/lesjardinsdelaroussiere.fr\/wp-content\/uploads\/2013\/04\/13042013_Poules_La_Grande_Houssaie-150x150.png\" alt=\"Poules Ferme La Grande Houssaie\" width=\"150\" height=\"150\" \/><\/a><a href=\"http:\/\/lesjardinsdelaroussiere.fr\/wp-content\/uploads\/2013\/04\/13042013_Poussins_La_Grande_Houssaie.png\"><img decoding=\"async\" loading=\"lazy\" class=\"size-thumbnail wp-image-1507 alignleft\" src=\"http:\/\/lesjardinsdelaroussiere.fr\/wp-content\/uploads\/2013\/04\/13042013_Poussins_La_Grande_Houssaie-150x150.png\" alt=\"Poussins Ferme La Grande Houssaie\" width=\"150\" height=\"150\" \/><\/a><a href=\"http:\/\/lesjardinsdelaroussiere.fr\/wp-content\/uploads\/2013\/04\/13042013_Poulets_oies_canettes_pintades_ferme_BRISSET.jpg\"><img decoding=\"async\" loading=\"lazy\" class=\"size-thumbnail wp-image-1509 alignnone\" src=\"http:\/\/lesjardinsdelaroussiere.fr\/wp-content\/uploads\/2013\/04\/13042013_Poulets_oies_canettes_pintades_ferme_BRISSET-150x150.jpg\" alt=\"Poulets oies canettes pintades Ferme La Grande Houssaie\" width=\"150\" height=\"150\" \/><\/a><\/p>\n<p>Philippe et Isabelle BRISSET sont \u00e9galement adh\u00e9rents au r\u00e9seau <strong>Bienvenue \u00e0 la ferme<\/strong>.<\/p>\n<p><span style=\"color: #ffffff; background-color: #c0c0c0;\"><strong>Contrat Viande de b\u0153uf :<br \/>\n<\/strong><\/span><\/p>\n<p style=\"text-align: justify;\">Ce contrat propose une livraison d\u2019une caissette de 3 kg de viande minimum, un jeudi par mois (avec une interruption en juillet\/ao\u00fbt). <a href=\"http:\/\/lesjardinsdelaroussiere.fr\/wp-content\/uploads\/2013\/04\/13042013_Vache_ferme_BRISSET.jpg\"><img decoding=\"async\" loading=\"lazy\" class=\"alignright wp-image-1510\" src=\"http:\/\/lesjardinsdelaroussiere.fr\/wp-content\/uploads\/2013\/04\/13042013_Vache_ferme_BRISSET.jpg\" alt=\"Vaches Ferme La Grande Houssaie\" width=\"256\" height=\"192\" srcset=\"http:\/\/lesjardinsdelaroussiere.fr\/wp-content\/uploads\/2013\/04\/13042013_Vache_ferme_BRISSET.jpg 320w, http:\/\/lesjardinsdelaroussiere.fr\/wp-content\/uploads\/2013\/04\/13042013_Vache_ferme_BRISSET-300x225.jpg 300w\" sizes=\"(max-width: 256px) 100vw, 256px\" \/><\/a><br \/>\nLa viande est conditionn\u00e9e sous vide, elle peut \u00eatre consomm\u00e9e de suite, conserv\u00e9e une semaine au r\u00e9frig\u00e9rateur, ou congel\u00e9e pour une dur\u00e9e de 6 mois maximum. Il est \u00e9galement propos\u00e9 des produits cuisin\u00e9s : veau marengo, blanquette de veau, t\u00eate de veau, rillettes, sauce bolognaise.<\/p>\n<p style=\"text-align: justify;\">D\u2019une dur\u00e9e de 1 an, le contrat viande comporte un planning sur lequel l\u2019adh\u00e9rent a la possibilit\u00e9 de choisir la fr\u00e9quence de livraison.<\/p>\n<p><strong>Il\u00a0 est possible de signer un contrat en cours de saison<\/strong><\/p>\n<p>D\u00e9couvrir le contrat b\u0153uf-veau : <a href=\"http:\/\/lesjardinsdelaroussiere.fr\/wp-content\/uploads\/2026\/02\/Contrat-Boeuf-Veau-Pdts-transformes-2026.pdf\" target=\"_blank\" rel=\"noopener\">produits, tarifs et dates de livraison<\/a><\/p>\n<table style=\"width: 104.378%;\" border=\"0\" cellspacing=\"0\" cellpadding=\"0\">\n<colgroup>\n<col span=\"6\" width=\"80\" \/> <\/colgroup>\n<tbody>\n<tr>\n<td style=\"width: 33.6117%;\" colspan=\"2\" width=\"160\" height=\"20\"><strong>Contrat Producteur :<\/strong><\/td>\n<td style=\"width: 16.4927%;\" width=\"80\"><\/td>\n<td style=\"width: 6.29767%;\" width=\"80\"><\/td>\n<td style=\"width: 69.0133%;\" colspan=\"2\" width=\"160\"><strong>Contact personne r\u00e9f\u00e9rente :<\/strong><\/td>\n<\/tr>\n<tr>\n<td style=\"width: 17.119%;\" height=\"20\"><\/td>\n<td style=\"width: 16.4927%;\"><\/td>\n<td style=\"width: 16.4927%;\"><\/td>\n<td style=\"width: 6.29767%;\"><\/td>\n<td style=\"width: 27.314%;\"><\/td>\n<td style=\"width: 41.6993%;\"><\/td>\n<\/tr>\n<tr>\n<td style=\"width: 50.1044%;\" colspan=\"3\" height=\"20\"><span style=\"color: #ff6600;\"><strong>Isabelle et Philippe BRISSET<\/strong><\/span><\/td>\n<td style=\"width: 6.29767%;\"><\/td>\n<td style=\"width: 69.0133%;\" colspan=\"2\"><span style=\"color: #ff6600;\"><strong>C\u00e9cile LANDREAU<\/strong><\/span><\/td>\n<\/tr>\n<tr>\n<td style=\"width: 50.1044%;\" colspan=\"3\" height=\"20\">Ferme la Grande Houssaie<\/td>\n<td style=\"width: 6.29767%;\"><\/td>\n<td style=\"width: 69.0133%;\" colspan=\"2\">17, rue Marco Polo<\/td>\n<\/tr>\n<tr>\n<td style=\"width: 33.6117%;\" colspan=\"2\" height=\"20\">49070 BEAUCOUZE<\/td>\n<td style=\"width: 16.4927%;\"><\/td>\n<td style=\"width: 6.29767%;\"><\/td>\n<td style=\"width: 69.0133%;\" colspan=\"2\">49460 MONTREUL-JUIGNE<\/td>\n<\/tr>\n<tr>\n<td style=\"width: 33.6117%;\" colspan=\"2\" height=\"20\">T\u00e9l. : 02 41 48 04 75<\/td>\n<td style=\"width: 16.4927%;\"><\/td>\n<td style=\"width: 6.29767%;\"><\/td>\n<td style=\"width: 69.0133%;\" colspan=\"2\"><\/td>\n<\/tr>\n<tr>\n<td style=\"width: 17.119%;\" height=\"20\"><\/td>\n<td style=\"width: 16.4927%;\"><\/td>\n<td style=\"width: 16.4927%;\"><\/td>\n<td style=\"width: 6.29767%;\"><\/td>\n<td style=\"width: 27.314%;\"><\/td>\n<td style=\"width: 41.6993%;\"><\/td>\n<\/tr>\n<tr>\n<td style=\"width: 17.119%;\" height=\"20\">Email : <a href=\"mailto:fermelagrandehoussaie@gmail.com\" target=\"_blank\" rel=\"noopener\">fermelagrandehoussaie@gmail.com<\/a><\/td>\n<td style=\"width: 16.4927%;\"><\/td>\n<td style=\"width: 16.4927%;\"><\/td>\n<td style=\"width: 6.29767%;\"><\/td>\n<td style=\"width: 27.314%;\">Email : <a href=\"mailto:cecile.landreau@sfr.fr\" target=\"_blank\" rel=\"noopener\">cecile.landreau@sfr.fr<\/a><\/td>\n<td style=\"width: 41.6993%;\"><\/td>\n<\/tr>\n<\/tbody>\n<\/table>\n","protected":false},"excerpt":{"rendered":"<p>EARL Brisset Lieu de production\u00a0: BEAUCOUZE (49) : Pr\u00e9sentation de l&rsquo;exploitation : Install\u00e9 depuis 1985 \u00e0 Beaucouz\u00e9, Philippe BRISSET produit depuis 1985 des vaches allaitantes et des cultures, certifi\u00e9es en agriculture biologique depuis 1997. En 2003, Isabelle rejoint avec Philippe &hellip; <a href=\"https:\/\/www.lesjardinsdelaroussiere.fr\/?page_id=739\">Continuer la lecture <span class=\"meta-nav\">&rarr;<\/span><\/a><\/p>\n","protected":false},"author":3,"featured_media":0,"parent":145,"menu_order":5,"comment_status":"closed","ping_status":"closed","template":"","meta":[],"_links":{"self":[{"href":"https:\/\/www.lesjardinsdelaroussiere.fr\/index.php?rest_route=\/wp\/v2\/pages\/739"}],"collection":[{"href":"https:\/\/www.lesjardinsdelaroussiere.fr\/index.php?rest_route=\/wp\/v2\/pages"}],"about":[{"href":"https:\/\/www.lesjardinsdelaroussiere.fr\/index.php?rest_route=\/wp\/v2\/types\/page"}],"author":[{"embeddable":true,"href":"https:\/\/www.lesjardinsdelaroussiere.fr\/index.php?rest_route=\/wp\/v2\/users\/3"}],"replies":[{"embeddable":true,"href":"https:\/\/www.lesjardinsdelaroussiere.fr\/index.php?rest_route=%2Fwp%2Fv2%2Fcomments&post=739"}],"version-history":[{"count":22,"href":"https:\/\/www.lesjardinsdelaroussiere.fr\/index.php?rest_route=\/wp\/v2\/pages\/739\/revisions"}],"predecessor-version":[{"id":9538,"href":"https:\/\/www.lesjardinsdelaroussiere.fr\/index.php?rest_route=\/wp\/v2\/pages\/739\/revisions\/9538"}],"up":[{"embeddable":true,"href":"https:\/\/www.lesjardinsdelaroussiere.fr\/index.php?rest_route=\/wp\/v2\/pages\/145"}],"wp:attachment":[{"href":"https:\/\/www.lesjardinsdelaroussiere.fr\/index.php?rest_route=%2Fwp%2Fv2%2Fmedia&parent=739"}],"curies":[{"name":"wp","href":"https:\/\/api.w.org\/{rel}","templated":true}]}}