{"id":582,"date":"2011-11-06T01:22:32","date_gmt":"2011-11-06T00:22:32","guid":{"rendered":"http:\/\/lesjardinsdelaroussiere.fr\/?page_id=582"},"modified":"2025-12-07T21:20:12","modified_gmt":"2025-12-07T20:20:12","slug":"les-volailles","status":"publish","type":"page","link":"https:\/\/www.lesjardinsdelaroussiere.fr\/?page_id=582","title":{"rendered":"Les volailles"},"content":{"rendered":"<p align=\"center\">Audrey GAUDIN, ferme du Petit Montergon \u00e0 ERDRE EN ANJOU, fournit les volailles bio de l&rsquo;AMAP de Montreuil-Juign\u00e9.<\/p>\n<p>&nbsp;<\/p>\n<p><span style=\"color: #ffffff; background-color: #c0c0c0;\"><strong><span style=\"color: #000000;\">Contrat Volailles :<\/span><br \/>\n<\/strong><\/span><\/p>\n<p style=\"text-align: justify;\">Le contrat volailles propose de commander une fois par mois des volailles fermi\u00e8res en certification biologique, et des pintades en d\u00e9cembre.<\/p>\n<p style=\"text-align: justify;\">Le contrat volaille est \u00e0 l&rsquo;ann\u00e9e : de janvier \u00e0 d\u00e9cembre.<br \/>\nIl comporte un planning sur lequel l\u2019adh\u00e9rent choisit ses livraisons.<\/p>\n<p><strong>Il est possible de signer un contrat en cours de saison.<\/strong><\/p>\n<p>D\u00e9couvrir le contrat : <a href=\"http:\/\/lesjardinsdelaroussiere.fr\/wp-content\/uploads\/2025\/12\/Contrat-Volailles-2026.pdf\" target=\"_blank\" rel=\"noopener\">produits, tarifs et dates de livraison<\/a><\/p>\n<p>Contacter la personne r\u00e9f\u00e9rente du contrat volailles, Marie-Th\u00e9 Robin\u00a0 :\u00a0 \u00a0 <a href=\"mailto:marite.robin@orange.fr\" target=\"_blank\" rel=\"noopener\">marite.robin@orange.fr<\/a><\/p>\n<p>&nbsp;<\/p>\n","protected":false},"excerpt":{"rendered":"<p>Audrey GAUDIN, ferme du Petit Montergon \u00e0 ERDRE EN ANJOU, fournit les volailles bio de l&rsquo;AMAP de Montreuil-Juign\u00e9. &nbsp; Contrat Volailles : Le contrat volailles propose de commander une fois par mois des volailles fermi\u00e8res en certification biologique, et des &hellip; <a href=\"https:\/\/www.lesjardinsdelaroussiere.fr\/?page_id=582\">Continuer la lecture <span class=\"meta-nav\">&rarr;<\/span><\/a><\/p>\n","protected":false},"author":1,"featured_media":0,"parent":145,"menu_order":3,"comment_status":"closed","ping_status":"closed","template":"","meta":[],"_links":{"self":[{"href":"https:\/\/www.lesjardinsdelaroussiere.fr\/index.php?rest_route=\/wp\/v2\/pages\/582"}],"collection":[{"href":"https:\/\/www.lesjardinsdelaroussiere.fr\/index.php?rest_route=\/wp\/v2\/pages"}],"about":[{"href":"https:\/\/www.lesjardinsdelaroussiere.fr\/index.php?rest_route=\/wp\/v2\/types\/page"}],"author":[{"embeddable":true,"href":"https:\/\/www.lesjardinsdelaroussiere.fr\/index.php?rest_route=\/wp\/v2\/users\/1"}],"replies":[{"embeddable":true,"href":"https:\/\/www.lesjardinsdelaroussiere.fr\/index.php?rest_route=%2Fwp%2Fv2%2Fcomments&post=582"}],"version-history":[{"count":38,"href":"https:\/\/www.lesjardinsdelaroussiere.fr\/index.php?rest_route=\/wp\/v2\/pages\/582\/revisions"}],"predecessor-version":[{"id":9496,"href":"https:\/\/www.lesjardinsdelaroussiere.fr\/index.php?rest_route=\/wp\/v2\/pages\/582\/revisions\/9496"}],"up":[{"embeddable":true,"href":"https:\/\/www.lesjardinsdelaroussiere.fr\/index.php?rest_route=\/wp\/v2\/pages\/145"}],"wp:attachment":[{"href":"https:\/\/www.lesjardinsdelaroussiere.fr\/index.php?rest_route=%2Fwp%2Fv2%2Fmedia&parent=582"}],"curies":[{"name":"wp","href":"https:\/\/api.w.org\/{rel}","templated":true}]}}