{"id":5458,"date":"2013-12-04T19:07:31","date_gmt":"2013-12-04T18:07:31","guid":{"rendered":"http:\/\/www.lesjardinsdelaroussiere.fr\/?page_id=5458"},"modified":"2026-02-18T18:37:45","modified_gmt":"2026-02-18T17:37:45","slug":"le-miel","status":"publish","type":"page","link":"https:\/\/www.lesjardinsdelaroussiere.fr\/?page_id=5458","title":{"rendered":"Le miel"},"content":{"rendered":"<p style=\"text-align: center;\">Jacky Bounaudet, apiculteur \u00e0 Cantenay Epinard propose diff\u00e9rentes sortes de miel, produits localement dont du miel des basses vall\u00e9es angevines.<\/p>\n<p><a href=\"http:\/\/www.lesjardinsdelaroussiere.fr\/?attachment_id=8832\" rel=\"attachment wp-att-8832\"><img decoding=\"async\" loading=\"lazy\" class=\"aligncenter size-full wp-image-8832\" src=\"http:\/\/lesjardinsdelaroussiere.fr\/wp-content\/uploads\/2022\/04\/photo-jacky-bounaudet.png\" alt=\"\" width=\"300\" height=\"225\" \/><\/a>Vous pouvez retrouver plus d\u2019informations sur son site internet :\u00a0<a href=\"http:\/\/www.meli-mielo.fr\/\" target=\"_blank\" rel=\"noopener\">http:\/\/www.meli-mielo.fr\/<\/a>\u200c<\/p>\n<p><a href=\"http:\/\/www.lesjardinsdelaroussiere.fr\/?attachment_id=8828\" rel=\"attachment wp-att-8828\"><img decoding=\"async\" loading=\"lazy\" class=\"aligncenter size-medium wp-image-8828\" src=\"http:\/\/lesjardinsdelaroussiere.fr\/wp-content\/uploads\/2022\/04\/18-09Gamme-Meli-Mielo500gLeg-360x240-1-300x200.jpg\" alt=\"\" width=\"300\" height=\"200\" \/><\/a><\/p>\n<p>La distribution des commandes de miel \u00e0 l&rsquo;AMAP a lieu le 3e jeudi de chaque mois.<\/p>\n<p style=\"text-align: center;\"><span style=\"background-color: #c0c0c0; color: #ffffff;\"><strong>Lieu de production : Cantenay-Epinard (49)<\/strong><\/span><\/p>\n<p>D\u00e9couvrir le contrat : <a href=\"http:\/\/lesjardinsdelaroussiere.fr\/wp-content\/uploads\/2026\/02\/Contrat-Meli-Mielo-2026.pdf\" target=\"_blank\" rel=\"noopener\">produits, tarifs et dates de livraison<\/a><\/p>\n<p>&nbsp;<\/p>\n<table style=\"width: 99.8288%; height: 336px;\" border=\"0\" cellspacing=\"0\" cellpadding=\"0\">\n<tbody>\n<tr>\n<td style=\"width: 37.7359%;\" colspan=\"2\" height=\"20\"><strong>Contrat Producteur :<\/strong><\/td>\n<td style=\"width: 62.2642%;\" colspan=\"2\"><strong>Contact personne r\u00e9f\u00e9rente :<\/strong><\/td>\n<\/tr>\n<tr>\n<td style=\"width: 19.554%;\" height=\"20\"><\/td>\n<td style=\"width: 18.1819%;\"><\/td>\n<td style=\"width: 58.1476%;\"><\/td>\n<td style=\"width: 4.11664%;\"><\/td>\n<\/tr>\n<tr>\n<td style=\"width: 37.7359%;\" colspan=\"2\" height=\"20\"><span style=\"color: #000000;\">Jacky Bounaudet\u00a0<\/span><\/td>\n<td style=\"width: 58.1476%;\">Laurent Lardeux<\/td>\n<td style=\"width: 4.11664%;\"><\/td>\n<\/tr>\n<tr>\n<td style=\"width: 19.554%;\" height=\"20\"><\/td>\n<td style=\"width: 18.1819%;\"><\/td>\n<td style=\"width: 58.1476%;\"><\/td>\n<td style=\"width: 4.11664%;\"><\/td>\n<\/tr>\n<tr>\n<td style=\"width: 37.7359%;\" colspan=\"2\" height=\"20\">Cantenay-Epinard<\/td>\n<td style=\"width: 58.1476%;\">\u00a0Montreuil-Juign\u00e9<\/td>\n<td style=\"width: 4.11664%;\"><\/td>\n<\/tr>\n<tr>\n<td style=\"width: 37.7359%;\" colspan=\"2\" height=\"20\"><a href=\"mailto:contact@meli-mielo.fr\" target=\"_blank\" rel=\"noopener\">contact@meli-mielo.fr<\/a><\/td>\n<td style=\"width: 58.1476%;\"><a href=\"mailto:llardeux-amap-mj@laposte.net\" target=\"_blank\" rel=\"noopener\">llardeux-amap-mj@laposte.net<\/a><\/td>\n<td style=\"width: 4.11664%;\"><\/td>\n<\/tr>\n<tr>\n<td style=\"width: 19.554%;\" height=\"20\"><\/td>\n<td style=\"width: 18.1819%;\"><\/td>\n<td style=\"width: 58.1476%;\"><\/td>\n<td style=\"width: 4.11664%;\"><\/td>\n<\/tr>\n<tr>\n<td style=\"width: 37.7359%;\" colspan=\"2\" height=\"20\"><\/td>\n<td style=\"width: 58.1476%;\"><\/td>\n<td style=\"width: 4.11664%;\"><\/td>\n<\/tr>\n<tr>\n<td style=\"width: 19.554%;\" height=\"20\"><\/td>\n<td style=\"width: 18.1819%;\"><\/td>\n<td style=\"width: 58.1476%;\"><\/td>\n<td style=\"width: 4.11664%;\"><\/td>\n<\/tr>\n<\/tbody>\n<\/table>\n<p>&nbsp;<\/p>\n","protected":false},"excerpt":{"rendered":"<p>Jacky Bounaudet, apiculteur \u00e0 Cantenay Epinard propose diff\u00e9rentes sortes de miel, produits localement dont du miel des basses vall\u00e9es angevines. Vous pouvez retrouver plus d\u2019informations sur son site internet :\u00a0http:\/\/www.meli-mielo.fr\/\u200c La distribution des commandes de miel \u00e0 l&rsquo;AMAP a lieu &hellip; <a href=\"https:\/\/www.lesjardinsdelaroussiere.fr\/?page_id=5458\">Continuer la lecture <span class=\"meta-nav\">&rarr;<\/span><\/a><\/p>\n","protected":false},"author":2,"featured_media":0,"parent":145,"menu_order":9,"comment_status":"closed","ping_status":"closed","template":"","meta":[],"_links":{"self":[{"href":"https:\/\/www.lesjardinsdelaroussiere.fr\/index.php?rest_route=\/wp\/v2\/pages\/5458"}],"collection":[{"href":"https:\/\/www.lesjardinsdelaroussiere.fr\/index.php?rest_route=\/wp\/v2\/pages"}],"about":[{"href":"https:\/\/www.lesjardinsdelaroussiere.fr\/index.php?rest_route=\/wp\/v2\/types\/page"}],"author":[{"embeddable":true,"href":"https:\/\/www.lesjardinsdelaroussiere.fr\/index.php?rest_route=\/wp\/v2\/users\/2"}],"replies":[{"embeddable":true,"href":"https:\/\/www.lesjardinsdelaroussiere.fr\/index.php?rest_route=%2Fwp%2Fv2%2Fcomments&post=5458"}],"version-history":[{"count":38,"href":"https:\/\/www.lesjardinsdelaroussiere.fr\/index.php?rest_route=\/wp\/v2\/pages\/5458\/revisions"}],"predecessor-version":[{"id":9532,"href":"https:\/\/www.lesjardinsdelaroussiere.fr\/index.php?rest_route=\/wp\/v2\/pages\/5458\/revisions\/9532"}],"up":[{"embeddable":true,"href":"https:\/\/www.lesjardinsdelaroussiere.fr\/index.php?rest_route=\/wp\/v2\/pages\/145"}],"wp:attachment":[{"href":"https:\/\/www.lesjardinsdelaroussiere.fr\/index.php?rest_route=%2Fwp%2Fv2%2Fmedia&parent=5458"}],"curies":[{"name":"wp","href":"https:\/\/api.w.org\/{rel}","templated":true}]}}