{"id":545,"date":"2011-11-06T00:49:39","date_gmt":"2011-11-05T23:49:39","guid":{"rendered":"http:\/\/lesjardinsdelaroussiere.fr\/?page_id=545"},"modified":"2011-11-06T01:05:11","modified_gmt":"2011-11-06T00:05:11","slug":"poivron","status":"publish","type":"page","link":"https:\/\/www.lesjardinsdelaroussiere.fr\/?page_id=545","title":{"rendered":"Poivron"},"content":{"rendered":"<p><a href=\"http:\/\/lesjardinsdelaroussiere.fr\/wp-content\/uploads\/2011\/09\/Poivron.jpg\"><img decoding=\"async\" loading=\"lazy\" class=\"alignleft size-full wp-image-446\" title=\"Poivrons\" src=\"http:\/\/lesjardinsdelaroussiere.fr\/wp-content\/uploads\/2011\/09\/Poivron.jpg\" alt=\"Poivrons\" width=\"150\" height=\"103\" \/><\/a><\/p>\n<p style=\"text-align: justify;\"><em><strong>Le poivron<\/strong> est un groupe de cultivars de l&rsquo;esp\u00e8ce Capsicum annuum (tout comme le piment). <\/em><br \/><em>Ce sont les vari\u00e9t\u00e9s douces issus de cette esp\u00e8ce par s\u00e9lection. <\/em><br \/><em>Ces cultivars doux produisent des fruits de diff\u00e9rentes couleurs dont le rouge, le jaune et l&rsquo;orange. <\/em><br \/><em>Le fruit est \u00e9galement consomm\u00e9 sous sa forme verte immature. <\/em><br \/><em>C&rsquo;est une plante annuelle de la famille des Solanac\u00e9es originaire du Mexique, d&rsquo;Am\u00e9rique centrale et d&rsquo;Am\u00e9rique du Sud. <\/em><br \/><em>La plante est cultiv\u00e9e comme plante potag\u00e8re pour ses fruits consomm\u00e9s, crus ou cuits, comme l\u00e9gumes. <\/em><br \/><em>Le terme d\u00e9signe \u00e0 la fois le fruit et la plante.<\/em><\/p>\n<p style=\"text-align: justify;\"><em>Le poivron est l&rsquo;ingr\u00e9dient indispensable d&rsquo;un certain nombre de plats, dont la ratatouille et la piperade.<\/em><\/p>\n<p style=\"text-align: justify;\"><em>Le poivron (c&rsquo;est-\u00e0-dire le fruit de cette plante) se r\u00e9colte soit vert, soit m\u00fbr. <\/em><br \/><em>Il se consomme comme l\u00e9gume soit cru, soit cuit :<\/em><\/p>\n<p style=\"text-align: justify; padding-left: 30px;\"><em>\u2022 Cru <\/em><br \/><em>Le poivron, \u00e0 texture cassante, entre, d\u00e9coup\u00e9 en rondelles ou en morceaux, dans la composition de salades, notamment la salade alg\u00e9rienne, avec tomates et oignons.<\/em><br \/><em>Lorsqu&rsquo;il est consomm\u00e9 cru, le poivron est peu digeste : sa peau et ses fibres \u00e9paisses sont mal support\u00e9es par les intestins fragiles. <\/em><br \/><em>Il faut donc, avant de le consommer, retirer sa peau (en la pelant ou en la faisant cuire), ses fibres blanches coriaces \u00e0 l&rsquo;int\u00e9rieur et toutes ses graines.<\/em><br \/><em>\u2022 Cuit <\/em><br \/><em>le poivron s&rsquo;accommode de diverses mani\u00e8res : au grill, au four, \u00e0 l&rsquo;\u00e9touff\u00e9e, etc. Par sa forme creuse, il se pr\u00eate bien \u00e0 la pr\u00e9paration des poivrons farcis.<\/em><br \/><em>C&rsquo;est un l\u00e9gume tr\u00e8s peu calorique, 22 kilocalories aux 100 g. <\/em><br \/><em>Il est riche en vitamines C et A.<\/em><\/p>\n<p style=\"text-align: justify;\"><em>Certaines vari\u00e9t\u00e9s de poivron riches en terp\u00e9no\u00efdes sont utilis\u00e9es pour fabriquer des colorants.<\/em><\/p>\n<p><span style=\"font-size: small;\">Sources : <a href=\"http:\/\/fr.wikipedia.org\/wiki\/Poivron\" target=\"_blank\">Wikipedia<\/a>.<\/span><\/p>\n<hr \/>\n<p><a href=\"http:\/\/lesjardinsdelaroussiere.fr\/wp-content\/uploads\/2011\/09\/Poivrons_au_Chorizo.jpg\"><img decoding=\"async\" loading=\"lazy\" class=\"alignleft size-full wp-image-447\" title=\"Poivrons au Chorizo\" src=\"http:\/\/lesjardinsdelaroussiere.fr\/wp-content\/uploads\/2011\/09\/Poivrons_au_Chorizo.jpg\" alt=\"Poivrons au Chorizo\" width=\"150\" height=\"120\" \/><\/a><\/p>\n<p><strong>Poivrons au chorizo<\/strong><br \/>Ingr\u00e9dients pour 4 personnes :<\/p>\n<p><em>&#8211; 1 poivron rouge<\/em><br \/><em>&#8211;\u00a01 vert et 1 jaune<\/em><br \/><em>&#8211;\u00a01 gros oignon<\/em><br \/><em>&#8211; 200 g de chorizo fort<\/em>.<\/p>\n<p><strong>Pr\u00e9paration :<\/strong><br \/>Couper les poivrons en gros d\u00e9s.<br \/>Couper l\u2019oignon et le chorizo en rondelles.<br \/>Rajouter le Faire dorer le\u00a0chorizo, puis l\u2019oignon dans une po\u00eale.<br \/>Laisser mijoter.<br \/>Rajouter les poivrons et laisser mijoter (les poivrons doivent \u00eatre mous, selon le go\u00fbt de chacun\u2026).<br \/>Servir avec du riz.<\/p>\n<p><em><a title=\"Poivrons au Chorizo\" href=\"http:\/\/lesjardinsdelaroussiere.fr\/wp-content\/uploads\/2011\/11\/Poivrons_au_chorizo.pdf\" target=\"_blank\">La recette \u00e0 t\u00e9l\u00e9charger pour imprimer<\/a><\/em>.<\/p>\n<p>&nbsp;<\/p>\n","protected":false},"excerpt":{"rendered":"<p>Le poivron est un groupe de cultivars de l&rsquo;esp\u00e8ce Capsicum annuum (tout comme le piment). Ce sont les vari\u00e9t\u00e9s douces issus de cette esp\u00e8ce par s\u00e9lection. Ces cultivars doux produisent des fruits de diff\u00e9rentes couleurs dont le rouge, le jaune &hellip; <a href=\"https:\/\/www.lesjardinsdelaroussiere.fr\/?page_id=545\">Continuer la lecture <span class=\"meta-nav\">&rarr;<\/span><\/a><\/p>\n","protected":false},"author":1,"featured_media":0,"parent":149,"menu_order":0,"comment_status":"closed","ping_status":"closed","template":"","meta":[],"_links":{"self":[{"href":"https:\/\/www.lesjardinsdelaroussiere.fr\/index.php?rest_route=\/wp\/v2\/pages\/545"}],"collection":[{"href":"https:\/\/www.lesjardinsdelaroussiere.fr\/index.php?rest_route=\/wp\/v2\/pages"}],"about":[{"href":"https:\/\/www.lesjardinsdelaroussiere.fr\/index.php?rest_route=\/wp\/v2\/types\/page"}],"author":[{"embeddable":true,"href":"https:\/\/www.lesjardinsdelaroussiere.fr\/index.php?rest_route=\/wp\/v2\/users\/1"}],"replies":[{"embeddable":true,"href":"https:\/\/www.lesjardinsdelaroussiere.fr\/index.php?rest_route=%2Fwp%2Fv2%2Fcomments&post=545"}],"version-history":[{"count":6,"href":"https:\/\/www.lesjardinsdelaroussiere.fr\/index.php?rest_route=\/wp\/v2\/pages\/545\/revisions"}],"predecessor-version":[{"id":568,"href":"https:\/\/www.lesjardinsdelaroussiere.fr\/index.php?rest_route=\/wp\/v2\/pages\/545\/revisions\/568"}],"up":[{"embeddable":true,"href":"https:\/\/www.lesjardinsdelaroussiere.fr\/index.php?rest_route=\/wp\/v2\/pages\/149"}],"wp:attachment":[{"href":"https:\/\/www.lesjardinsdelaroussiere.fr\/index.php?rest_route=%2Fwp%2Fv2%2Fmedia&parent=545"}],"curies":[{"name":"wp","href":"https:\/\/api.w.org\/{rel}","templated":true}]}}