{"id":530,"date":"2011-11-06T00:20:20","date_gmt":"2011-11-05T23:20:20","guid":{"rendered":"http:\/\/lesjardinsdelaroussiere.fr\/?page_id=530"},"modified":"2011-11-06T01:05:24","modified_gmt":"2011-11-06T00:05:24","slug":"concombre","status":"publish","type":"page","link":"https:\/\/www.lesjardinsdelaroussiere.fr\/?page_id=530","title":{"rendered":"Concombre"},"content":{"rendered":"<p><a href=\"http:\/\/lesjardinsdelaroussiere.fr\/wp-content\/uploads\/2011\/09\/Concombre.jpg\"><img decoding=\"async\" loading=\"lazy\" class=\"alignleft size-full wp-image-440\" title=\"Concombre\" src=\"http:\/\/lesjardinsdelaroussiere.fr\/wp-content\/uploads\/2011\/09\/Concombre.jpg\" alt=\"Concombre\" width=\"150\" height=\"96\" \/><\/a><\/p>\n<p style=\"text-align: justify;\"><em><strong>Le Concombre<\/strong> (Cucumis sativus) est une plante potag\u00e8re herbac\u00e9e, rampante, de la m\u00eame famille que la calebasse, le melon ou la courge (famille des Cucurbitac\u00e9es) cultiv\u00e9e pour son fruit, lequel est consomm\u00e9 comme l\u00e9gume.<\/em><\/p>\n<p style=\"text-align: justify;\"><em>La plante qui poussait naturellement au pied de l&rsquo;Himalaya aurait \u00e9t\u00e9 domestiqu\u00e9e pour la premi\u00e8re fois en Inde il y a au moins 3 000 ans.<\/em><\/p>\n<p style=\"text-align: justify;\"><em>C&rsquo;est la m\u00eame esp\u00e8ce Cucumis sativus qui produit les cornichons.<\/em><\/p>\n<p style=\"text-align: justify;\"><em><span style=\"font-size: small;\">Sources\u00a0\u00a0<\/span>: <span style=\"font-size: small;\"><a href=\"http:\/\/fr.wikipedia.org\/wiki\/Concombre\" target=\"_blank\">Wikipedia\u00a0<\/a><\/span><\/em><\/p>\n<p>&nbsp;<\/p>\n<hr \/>\n<p>&nbsp;<\/p>\n<p><a href=\"http:\/\/lesjardinsdelaroussiere.fr\/wp-content\/uploads\/2011\/09\/Tagliatelles_de_concombre_au_chevre_frais.jpg\"><img decoding=\"async\" loading=\"lazy\" class=\"alignleft size-full wp-image-441\" title=\"Tagliatelles de concombre au ch\u00e8vre frais\" src=\"http:\/\/lesjardinsdelaroussiere.fr\/wp-content\/uploads\/2011\/09\/Tagliatelles_de_concombre_au_chevre_frais.jpg\" alt=\"Tagliatelles de concombre au ch\u00e8vre frais\" width=\"150\" height=\"120\" \/><\/a><\/p>\n<p><strong>Tagliatelles de concombre au ch\u00e8vre frais<\/strong><br \/>Une recette de concombre pour changer du traditionnnel concombre \u00e0 la cr\u00e8me<br \/>Ingr\u00e9dients pour 4 personnes :<\/p>\n<p style=\"padding-left: 210px;\"><em>&#8211; 2 concombres<\/em><br \/><em>&#8211; ch\u00e8vre tr\u00e8s frais<\/em><br \/><em>&#8211;\u00a0herbes de provence<\/em><br \/><em>&#8211; ciboulette,- \u00e9chalotes<\/em><br \/><em>&#8211; huile d\u2019olive<\/em><br \/><em>&#8211; sel, poivre<\/em><\/p>\n<p><strong>Pr\u00e9paration :<\/strong><br \/>Dans un grand saladier, m\u00e9langer \u00e0 la fourchette le ch\u00e8vre, l\u2019huile d\u2019olive, les herbes et le reste de l\u2019assaisonnement.<br \/>Eplucher les concombres, puis les couper dans le sens de la longueur en lamelles tr\u00e8s fines \u00e0 l\u2019aide d\u2019un \u00e9pluche-l\u00e9gumes (s\u2019arr\u00eater avant les p\u00e9pins du centre). M\u00e9langer le tout.<\/p>\n<p><em><a title=\"Tagliatelles de concombre au ch\u00e8vre frais\" href=\"http:\/\/lesjardinsdelaroussiere.fr\/wp-content\/uploads\/2011\/11\/Tagliatelles_de_concombre_au_chevre_frais.pdf\" target=\"_blank\">La recette \u00e0 t\u00e9l\u00e9charger pour imprimer<\/a><\/em>.<\/p>\n<p>&nbsp;<\/p>\n<hr \/>\n<p><a href=\"http:\/\/lesjardinsdelaroussiere.fr\/wp-content\/uploads\/2011\/09\/Soupe_de_concombres_aux_noix.jpg\"><img decoding=\"async\" loading=\"lazy\" class=\"alignleft size-full wp-image-442\" title=\"Soupe de concombres aux noix\" src=\"http:\/\/lesjardinsdelaroussiere.fr\/wp-content\/uploads\/2011\/09\/Soupe_de_concombres_aux_noix.jpg\" alt=\"Soupe de concombres aux noix\" width=\"150\" height=\"105\" \/><\/a><\/p>\n<p><strong>Soupe de concombre aux noix<\/strong><br \/>Une petite soupe froide rapide \u00e0 pr\u00e9parer<br \/>Ingr\u00e9dients pour 4 personnes :<\/p>\n<p style=\"padding-left: 210px;\"><em>&#8211; 2 grands concombres<\/em><br \/><em>&#8211; 2 cuill\u00e8res \u00e0 soupe de cerneaux de noix<\/em><br \/><em>&#8211; 25 cl de yaourt<\/em><br \/><em>&#8211;\u00a0 4 branches de menthe fra\u00eeche<\/em><br \/><em>&#8211; \u00a02 cuill\u00e8res \u00e0 soupe d\u2019huile de s\u00e9same ou d\u2019olive<\/em><br \/><em>&#8211;\u00a01 cuill\u00e8re \u00e0 caf\u00e9 de graines de cumin<\/em><\/p>\n<p><strong>Pr\u00e9paration :<\/strong><br \/>Peler et \u00e9p\u00e9piner les concombres, les passer au mixer.<br \/>Laver et hacher la menthe. Faire revenir les noix 3 minutes dans une po\u00eble \u00e0 sec.<br \/>Dans la m\u00eame po\u00eble, faire revenir 3 minutes les graines de cumin.<br \/>M\u00e9langer aux concombres, les noix, le cumin, la menthe, l\u2019huile, le sel et le yaourt.<br \/>Servir frais.<\/p>\n<p><em><a title=\"Soupe de concombre aux noix\" href=\"http:\/\/lesjardinsdelaroussiere.fr\/wp-content\/uploads\/2011\/11\/Soupe_de_concombre_aux_noix.pdf\" target=\"_blank\">La recette \u00e0 t\u00e9l\u00e9charger pour imprimer<\/a><\/em>.\u00a0<\/p>\n<p>&nbsp;<\/p>\n","protected":false},"excerpt":{"rendered":"<p>Le Concombre (Cucumis sativus) est une plante potag\u00e8re herbac\u00e9e, rampante, de la m\u00eame famille que la calebasse, le melon ou la courge (famille des Cucurbitac\u00e9es) cultiv\u00e9e pour son fruit, lequel est consomm\u00e9 comme l\u00e9gume. La plante qui poussait naturellement au &hellip; <a href=\"https:\/\/www.lesjardinsdelaroussiere.fr\/?page_id=530\">Continuer la lecture <span class=\"meta-nav\">&rarr;<\/span><\/a><\/p>\n","protected":false},"author":1,"featured_media":0,"parent":149,"menu_order":0,"comment_status":"closed","ping_status":"closed","template":"","meta":[],"_links":{"self":[{"href":"https:\/\/www.lesjardinsdelaroussiere.fr\/index.php?rest_route=\/wp\/v2\/pages\/530"}],"collection":[{"href":"https:\/\/www.lesjardinsdelaroussiere.fr\/index.php?rest_route=\/wp\/v2\/pages"}],"about":[{"href":"https:\/\/www.lesjardinsdelaroussiere.fr\/index.php?rest_route=\/wp\/v2\/types\/page"}],"author":[{"embeddable":true,"href":"https:\/\/www.lesjardinsdelaroussiere.fr\/index.php?rest_route=\/wp\/v2\/users\/1"}],"replies":[{"embeddable":true,"href":"https:\/\/www.lesjardinsdelaroussiere.fr\/index.php?rest_route=%2Fwp%2Fv2%2Fcomments&post=530"}],"version-history":[{"count":8,"href":"https:\/\/www.lesjardinsdelaroussiere.fr\/index.php?rest_route=\/wp\/v2\/pages\/530\/revisions"}],"predecessor-version":[{"id":570,"href":"https:\/\/www.lesjardinsdelaroussiere.fr\/index.php?rest_route=\/wp\/v2\/pages\/530\/revisions\/570"}],"up":[{"embeddable":true,"href":"https:\/\/www.lesjardinsdelaroussiere.fr\/index.php?rest_route=\/wp\/v2\/pages\/149"}],"wp:attachment":[{"href":"https:\/\/www.lesjardinsdelaroussiere.fr\/index.php?rest_route=%2Fwp%2Fv2%2Fmedia&parent=530"}],"curies":[{"name":"wp","href":"https:\/\/api.w.org\/{rel}","templated":true}]}}