{"id":521,"date":"2011-11-05T22:25:01","date_gmt":"2011-11-05T21:25:01","guid":{"rendered":"http:\/\/lesjardinsdelaroussiere.fr\/?page_id=521"},"modified":"2011-11-06T01:05:06","modified_gmt":"2011-11-06T00:05:06","slug":"epinards","status":"publish","type":"page","link":"https:\/\/www.lesjardinsdelaroussiere.fr\/?page_id=521","title":{"rendered":"Epinards"},"content":{"rendered":"<p style=\"text-align: justify;\"><a href=\"http:\/\/lesjardinsdelaroussiere.fr\/wp-content\/uploads\/2011\/09\/Epinards.jpg\"><img decoding=\"async\" loading=\"lazy\" class=\"alignleft size-full wp-image-438\" title=\"Epinards\" src=\"http:\/\/lesjardinsdelaroussiere.fr\/wp-content\/uploads\/2011\/09\/Epinards.jpg\" alt=\"Epinards\" width=\"150\" height=\"136\" \/><\/a><em><strong>L&rsquo;\u00e9pinard<\/strong> (nom scientifique Spinacia oleracea) est une plante potag\u00e8re, annuelle ou bisannuelle, de la famille des Ch\u00e9nopodiac\u00e9es. <br \/>Originaire de l&rsquo;Iran (il tire son nom du persan \u0627\u0633\u0641\u0646\u0627\u062c \u0101sfan\u0101\u01e7), il est aujourd&rsquo;hui cultiv\u00e9 dans toutes les r\u00e9gions temp\u00e9r\u00e9es pour ses qualit\u00e9s nutritionnelles.<\/em><\/p>\n<p style=\"text-align: justify;\"><em>Il est c\u00e9l\u00e9br\u00e9 dans la bande dessin\u00e9e Popeye comme un l\u00e9gume riche en fer, qui donne sa force au h\u00e9ros, bien qu&rsquo;en r\u00e9alit\u00e9 sa teneur en fer ne soit pas particuli\u00e8rement \u00e9lev\u00e9e.<\/em><\/p>\n<p style=\"text-align: justify;\"><em>L&rsquo;\u00e9pinard est riche en nitrates qui se transforment en nitrites gr\u00e2ce \u00e0 des bact\u00e9ries de la bouche. <br \/>Ces nitrites sont impliqu\u00e9s dans la vasodilatation et la fluidification du sang, ce qui am\u00e9liore l&rsquo;afflux de sang dans certaines zones du cerveau qui, avec le temps, sont moins perfus\u00e9es. <br \/>Une dose quotidienne d&rsquo;\u00e9pinard peut potentiellement pr\u00e9venir la d\u00e9mence et la baisse cognitive en am\u00e9liorant cet afflux sanguin c\u00e9r\u00e9bral.<\/em><\/p>\n<p style=\"text-align: justify;\"><em>L&rsquo;\u00e9pinard est l&rsquo;une des meilleures sources connues de vitamine B9 ou acide folique. <br \/>La consommation d&rsquo;une quantit\u00e9 suffisante d&rsquo;acide folique \u00e0 partir de 4 semaines avant la grossesse permet de diminuer fortement l&rsquo;incidence du Spina bifida et des mal-fermetures du tube neural, des malformations graves du f\u0153tus.\u00a0<\/em><\/p>\n<p style=\"text-align: justify;\"><em>Contrairement \u00e0 une l\u00e9gende tenace (illustr\u00e9e dans les aventures de Popeye), l&rsquo;\u00e9pinard n&rsquo;est pas la meilleure source de fer alimentaire. <br \/>Cette l\u00e9gende serait n\u00e9e de la faute de frappe d&rsquo;une secr\u00e9taire am\u00e9ricaine. <br \/>Cette erreur, qui multiplia par dix le taux de fer alimentaire contenu dans la plante, est pass\u00e9e inaper\u00e7ue pendant des dizaines d&rsquo;ann\u00e9es. <\/em><br \/><em>La viande et les l\u00e9gumes secs font beaucoup mieux que les \u00e9pinards<\/em>.<\/p>\n<p style=\"text-align: justify;\"><em>Par ailleurs, le fer des \u00e9pinards est beaucoup mieux absorb\u00e9 par le corps lorsqu&rsquo;il est accompagn\u00e9 d&rsquo;une source de vitamine C, par exemple avec du jus de citron. <br \/>Une belle salade d&rsquo;\u00e9pinards nutritive souvent connue dans le milieu v\u00e9g\u00e9tarien est celle des \u00e9pinards avec mandarines ou cl\u00e9mentines.<\/em><\/p>\n<p style=\"text-align: justify;\"><em><span style=\"font-size: small;\">Sources :\u00a0<span style=\"font-size: x-small;\"><a href=\"http:\/\/fr.wikipedia.org\/wiki\/%C3%89pinard\" target=\"_blank\">Wikipedia\u00a0<\/a><\/span><\/span><\/em><\/p>\n<hr \/>\n<p>&nbsp;<\/p>\n<p><a href=\"http:\/\/lesjardinsdelaroussiere.fr\/wp-content\/uploads\/2011\/09\/01012011_Petits_flans_epinards.jpg\"><img decoding=\"async\" loading=\"lazy\" class=\"alignleft size-full wp-image-439\" title=\"Petits flans aux \u00e9pinards\" src=\"http:\/\/lesjardinsdelaroussiere.fr\/wp-content\/uploads\/2011\/09\/01012011_Petits_flans_epinards.jpg\" alt=\"Petits flans aux \u00e9pinards\" width=\"150\" height=\"171\" \/><\/a><\/p>\n<p>&nbsp;<\/p>\n<p>&nbsp;<\/p>\n<p>&nbsp;<\/p>\n<p>&nbsp;<\/p>\n<p>&nbsp;<\/p>\n<p>&nbsp;<\/p>\n<p>&nbsp;<\/p>\n<p><strong>PETITS FLANS AUX EPINARDS<\/strong><br \/><strong><strong>Ingr\u00e9dients :<\/strong><\/strong><\/p>\n<p>&nbsp;<\/p>\n<p style=\"padding-left: 210px;\">&#8211;<em> 400 g d\u2019\u00e9pinards frais<\/em><br \/><em>&#8211; 250 g de ricotta<\/em><br \/><em>&#8211; 100 g de cr\u00e8me liquide enti\u00e8re<\/em><br \/><em>&#8211; 3 \u0153ufs- 80 g de fromage r\u00e2p\u00e9<\/em><br \/><em>&#8211; 1 c \u00e0 caf\u00e9 de curry doux<\/em><br \/><em>&#8211; Muscade fraichement r\u00e2p\u00e9e<\/em><br \/><em>&#8211;\u00a0\u00bc c \u00e0 caf\u00e9 de sel fin<\/em><\/p>\n<p>\u00a0<br \/><strong>Pr\u00e9paration :<\/strong><br \/>&#8211; Laver les \u00e9pinards, les \u00e9queuter et retirer les plus grosses nervures.<br \/>&#8211; Mettre les \u00e9pinards dans un grand bol r\u00e9sistant \u00e0 la chaleur.<br \/>&#8211; Verser de l\u2019eau bouillante sur les \u00e9pinards pour les recouvrir puis attendre 1 minute.<br \/>&#8211; Egoutter puis laisser les \u00e9pinards ti\u00e9dir dans une passoire pos\u00e9e sur un bol.<br \/>&#8211; Pr\u00e9chauffez votre four \u00e0 180\u00b0C.<br \/>&#8211; Lorsque les \u00e9pinards peuvent \u00eatre manipul\u00e9s sans se br\u00fbler, les presser entre les mains afin de bien les essorer.<br \/>&#8211; Les mettre dans le bol d\u2019un robot de type mixeur et mixez jusqu\u2019\u00e0 obtenir un hachis.<br \/>&#8211; Ajouter les \u0153ufs, la ricotta, la cr\u00e8me et mixer, jusqu\u2019\u00e0 ce que le m\u00e9lange soit homog\u00e8ne.<br \/>&#8211; Ajouter le fromage, le curry, la muscade, le sel et m\u00e9langer \u00e0 nouveau.<br \/>&#8211; Go\u00fbter et rectifier \u00e9ventuellement l\u2019assaisonnement<br \/>&#8211; Verser le m\u00e9lange dans les empreintes de vos moules \u00e0 muffins puis les enfourner.- Faire cuire de 20 \u00e0 30 minutes, jusqu\u2019\u00e0 ce que les flans soient bien dor\u00e9s.<\/p>\n<p><em><a title=\"Petits flans aux \u00e9pinards\" href=\"http:\/\/lesjardinsdelaroussiere.fr\/wp-content\/uploads\/2011\/11\/Petits_flans_aux_epinards.pdf\" target=\"_blank\">La recette \u00e0 t\u00e9l\u00e9charger pour imprimer<\/a><\/em>.<\/p>\n<p>&nbsp;<\/p>\n<p>&nbsp;<\/p>\n<p>&nbsp;<\/p>\n","protected":false},"excerpt":{"rendered":"<p>L&rsquo;\u00e9pinard (nom scientifique Spinacia oleracea) est une plante potag\u00e8re, annuelle ou bisannuelle, de la famille des Ch\u00e9nopodiac\u00e9es. Originaire de l&rsquo;Iran (il tire son nom du persan \u0627\u0633\u0641\u0646\u0627\u062c \u0101sfan\u0101\u01e7), il est aujourd&rsquo;hui cultiv\u00e9 dans toutes les r\u00e9gions temp\u00e9r\u00e9es pour ses qualit\u00e9s &hellip; <a href=\"https:\/\/www.lesjardinsdelaroussiere.fr\/?page_id=521\">Continuer la lecture <span class=\"meta-nav\">&rarr;<\/span><\/a><\/p>\n","protected":false},"author":1,"featured_media":0,"parent":149,"menu_order":0,"comment_status":"closed","ping_status":"closed","template":"","meta":[],"_links":{"self":[{"href":"https:\/\/www.lesjardinsdelaroussiere.fr\/index.php?rest_route=\/wp\/v2\/pages\/521"}],"collection":[{"href":"https:\/\/www.lesjardinsdelaroussiere.fr\/index.php?rest_route=\/wp\/v2\/pages"}],"about":[{"href":"https:\/\/www.lesjardinsdelaroussiere.fr\/index.php?rest_route=\/wp\/v2\/types\/page"}],"author":[{"embeddable":true,"href":"https:\/\/www.lesjardinsdelaroussiere.fr\/index.php?rest_route=\/wp\/v2\/users\/1"}],"replies":[{"embeddable":true,"href":"https:\/\/www.lesjardinsdelaroussiere.fr\/index.php?rest_route=%2Fwp%2Fv2%2Fcomments&post=521"}],"version-history":[{"count":9,"href":"https:\/\/www.lesjardinsdelaroussiere.fr\/index.php?rest_route=\/wp\/v2\/pages\/521\/revisions"}],"predecessor-version":[{"id":567,"href":"https:\/\/www.lesjardinsdelaroussiere.fr\/index.php?rest_route=\/wp\/v2\/pages\/521\/revisions\/567"}],"up":[{"embeddable":true,"href":"https:\/\/www.lesjardinsdelaroussiere.fr\/index.php?rest_route=\/wp\/v2\/pages\/149"}],"wp:attachment":[{"href":"https:\/\/www.lesjardinsdelaroussiere.fr\/index.php?rest_route=%2Fwp%2Fv2%2Fmedia&parent=521"}],"curies":[{"name":"wp","href":"https:\/\/api.w.org\/{rel}","templated":true}]}}