{"id":500,"date":"2011-11-05T18:54:43","date_gmt":"2011-11-05T17:54:43","guid":{"rendered":"http:\/\/lesjardinsdelaroussiere.fr\/?page_id=500"},"modified":"2011-11-06T01:04:50","modified_gmt":"2011-11-06T00:04:50","slug":"courge-spaghetti","status":"publish","type":"page","link":"https:\/\/www.lesjardinsdelaroussiere.fr\/?page_id=500","title":{"rendered":"Courge spaghetti"},"content":{"rendered":"<p><a href=\"http:\/\/lesjardinsdelaroussiere.fr\/wp-content\/uploads\/2011\/09\/Courge_spaghetti.jpg\"><img decoding=\"async\" loading=\"lazy\" class=\"alignleft size-full wp-image-433\" title=\"Courge spaghetti\" src=\"http:\/\/lesjardinsdelaroussiere.fr\/wp-content\/uploads\/2011\/09\/Courge_spaghetti.jpg\" alt=\"Courge spaghetti\" width=\"150\" height=\"100\" \/><\/a><\/p>\n<p style=\"text-align: justify;\">\u00a0<em><strong>La courge spaghetti<\/strong>, aussi appel\u00e9e spaghetti v\u00e9g\u00e9tal, est une forme de courge de l&rsquo;esp\u00e8ce Cucurbita pepo. <\/em><br \/><em>Elle fait partie des courges coureuses, c&rsquo;est une courge coureuse peu envahissante. Les plus connues sont originaires d&rsquo;Am\u00e9rique du Sud.<\/em><\/p>\n<p style=\"text-align: justify;\"><em>La couleur de l\u2019\u00e9corce de leur fruit varie entre le jaune paille, le blanc cass\u00e9 et le vert clair et certaines courges spaghetti ont quelques motifs comme des lignes blanches. <\/em><br \/><em>La courge Spaghetti a des fruits ovo\u00efdes de 20 \u00e0 30 cm de long de 2 \u00e0 4 kg. <\/em><br \/><em>Sa peau est lisse. <\/em><br \/><em>La chair donne \u00e0 la cuisson de longs filaments fermes et peu parfum\u00e9s comme les p\u00e2tes italiennes qui portent le m\u00eame nom. <\/em><br \/><em>C\u2019est une particularit\u00e9 unique.<\/em><\/p>\n<p style=\"text-align: justify;\"><em>Chaque plante produit en g\u00e9n\u00e9ral 2 \u00e0 5 fruits pendant une p\u00e9riode de 100 jours. <\/em><br \/><em>La conservation peut se prolonger plus d&rsquo;une ann\u00e9e. <\/em><br \/><em>Cette courge est int\u00e9ressante par la pr\u00e9sentation de sa chair qui permettra de r\u00e9aliser les recettes de spaghetti. Nature, la saveur des filaments est assez neutre. <\/em><br \/><em>Elle s\u2019accommode avec toutes les sauces pour l es p\u00e2tes. <\/em><br \/><em>Ne surtout pas oublier que ce n&rsquo;est pas une p\u00e2te alimentaire.<\/em><\/p>\n<p style=\"text-align: justify;\"><em><span style=\"font-size: small;\">Sources :<\/span> <span style=\"font-size: small;\"><a href=\"http:\/\/fr.wikipedia.org\/wiki\/Courge_spaghetti\" target=\"_blank\">Wikipedia<\/a><\/span><\/em><\/p>\n<p style=\"text-align: justify;\"><em><\/em>\u00a0<\/p>\n<hr \/>\n<p>&nbsp;<\/p>\n<p><a href=\"http:\/\/lesjardinsdelaroussiere.fr\/wp-content\/uploads\/2011\/09\/01012011_Courge_spaghetti1.jpg\"><img decoding=\"async\" loading=\"lazy\" class=\"alignleft size-full wp-image-435\" title=\"Courge spaghetti recette\" src=\"http:\/\/lesjardinsdelaroussiere.fr\/wp-content\/uploads\/2011\/09\/01012011_Courge_spaghetti1.jpg\" alt=\"Courge spaghetti recette\" width=\"150\" height=\"155\" \/><\/a><strong>COURGE SPAGHETTI AU FROMAGE FRAIS<\/strong><br \/>C\u2019est d\u00e9licieux avec un poulet r\u00f4ti\u00a0(de mme Gaudin par exemple).<br \/>Ingr\u00e9dients (pour 4 personnes) :<\/p>\n<p><em>&#8211; 1 courge spaghetti<\/em><br \/><em>&#8211; la moiti\u00e9 d\u2019un paquet de fromage frais type boursin<\/em><br \/><em>&#8211; noix de beurre<\/em><br \/><em>&#8211; sel et poivre<\/em><\/p>\n<p><strong>Pr\u00e9paration :<\/strong><br \/>Couper la courge dans le sens de la longueur en deux.<br \/>Mettre au four pendant 30 min \u00e0 240\u00b0C (thermostat 8).<br \/>Effilocher les spaghettis et m\u00e9langer avec les autres ingr\u00e9dients.<\/p>\n<p><em><a title=\"Courges spaghetti au fromage frais\" href=\"http:\/\/lesjardinsdelaroussiere.fr\/wp-content\/uploads\/2011\/11\/Courge_spaghetti_au_fromage_frais.pdf\" target=\"_blank\">La recette \u00e0 t\u00e9l\u00e9charger pour imprimer<\/a><\/em>.<\/p>\n<p>&nbsp;<\/p>\n","protected":false},"excerpt":{"rendered":"<p>\u00a0La courge spaghetti, aussi appel\u00e9e spaghetti v\u00e9g\u00e9tal, est une forme de courge de l&rsquo;esp\u00e8ce Cucurbita pepo. Elle fait partie des courges coureuses, c&rsquo;est une courge coureuse peu envahissante. Les plus connues sont originaires d&rsquo;Am\u00e9rique du Sud. La couleur de l\u2019\u00e9corce &hellip; <a href=\"https:\/\/www.lesjardinsdelaroussiere.fr\/?page_id=500\">Continuer la lecture <span class=\"meta-nav\">&rarr;<\/span><\/a><\/p>\n","protected":false},"author":1,"featured_media":0,"parent":149,"menu_order":0,"comment_status":"closed","ping_status":"closed","template":"","meta":[],"_links":{"self":[{"href":"https:\/\/www.lesjardinsdelaroussiere.fr\/index.php?rest_route=\/wp\/v2\/pages\/500"}],"collection":[{"href":"https:\/\/www.lesjardinsdelaroussiere.fr\/index.php?rest_route=\/wp\/v2\/pages"}],"about":[{"href":"https:\/\/www.lesjardinsdelaroussiere.fr\/index.php?rest_route=\/wp\/v2\/types\/page"}],"author":[{"embeddable":true,"href":"https:\/\/www.lesjardinsdelaroussiere.fr\/index.php?rest_route=\/wp\/v2\/users\/1"}],"replies":[{"embeddable":true,"href":"https:\/\/www.lesjardinsdelaroussiere.fr\/index.php?rest_route=%2Fwp%2Fv2%2Fcomments&post=500"}],"version-history":[{"count":10,"href":"https:\/\/www.lesjardinsdelaroussiere.fr\/index.php?rest_route=\/wp\/v2\/pages\/500\/revisions"}],"predecessor-version":[{"id":565,"href":"https:\/\/www.lesjardinsdelaroussiere.fr\/index.php?rest_route=\/wp\/v2\/pages\/500\/revisions\/565"}],"up":[{"embeddable":true,"href":"https:\/\/www.lesjardinsdelaroussiere.fr\/index.php?rest_route=\/wp\/v2\/pages\/149"}],"wp:attachment":[{"href":"https:\/\/www.lesjardinsdelaroussiere.fr\/index.php?rest_route=%2Fwp%2Fv2%2Fmedia&parent=500"}],"curies":[{"name":"wp","href":"https:\/\/api.w.org\/{rel}","templated":true}]}}