{"id":149,"date":"2011-09-17T12:33:37","date_gmt":"2011-09-17T10:33:37","guid":{"rendered":"http:\/\/localhost\/wordpress\/?page_id=149"},"modified":"2024-01-26T19:24:33","modified_gmt":"2024-01-26T18:24:33","slug":"recettes-et-bons-plans-cuisine","status":"publish","type":"page","link":"https:\/\/www.lesjardinsdelaroussiere.fr\/?page_id=149","title":{"rendered":"Recettes"},"content":{"rendered":"<p>A force de cuisiner les l\u00e9gumes, on peut \u00eatre \u00e0 cours d&rsquo;inspiration&#8230;<br \/>\nVoici donc quelques id\u00e9es et bons plans pour cuisiner son panier chaque semaine, avec des produits de saison.<\/p>\n<p>Si vous-m\u00eame avez des trucs ou des recettes f\u00e9tiches \u00e0 partager, merci de nous les transmettre \u00e0 cette adresse : <a href=\"mailto:lesjardinsdelaroussiere@laposte.net\" target=\"_blank\" rel=\"noopener\"><span style=\"color: #6bb33d;\">lesjardinsdelaroussiere@laposte.net<\/span><\/a><\/p>\n<p>Voici les recettes actuellement disponibles :<\/p>\n<ul>\n<li>C\u00e9leri\n<ul>\n<li><em>Souffl\u00e9 de c\u00e9leri<\/em><\/li>\n<\/ul>\n<\/li>\n<li>Courge spaghetti\n<ul>\n<li><em>Courge spaghetti au fromage frais<\/em><\/li>\n<\/ul>\n<\/li>\n<li>Potimarron\n<ul>\n<li><em>Cake au potimarron<\/em><\/li>\n<\/ul>\n<\/li>\n<li>Epinards\n<ul>\n<li><em>Flan aux \u00e9pinards<\/em><\/li>\n<\/ul>\n<\/li>\n<li>Concombres\n<ul>\n<li><em>Tagliatelles de concombre au ch\u00e8vre frais<\/em><\/li>\n<li><em>Soupe de concombre aux noix<\/em><\/li>\n<\/ul>\n<\/li>\n<li>Courgettes\n<ul>\n<li><em>Courgettes Magalie<\/em><\/li>\n<li><em>Velout\u00e9 de courgettes<\/em><\/li>\n<\/ul>\n<\/li>\n<li>Poivrons\n<ul>\n<li><em>Poivrons au Chorizo<\/em><\/li>\n<\/ul>\n<\/li>\n<li>Aubergines\n<ul>\n<li><em>G\u00e2teau d&rsquo;aubergines farcies<\/em><\/li>\n<li><em>Caviar d&rsquo;aubergines<\/em>.<\/li>\n<\/ul>\n<\/li>\n<\/ul>\n","protected":false},"excerpt":{"rendered":"<p>A force de cuisiner les l\u00e9gumes, on peut \u00eatre \u00e0 cours d&rsquo;inspiration&#8230; Voici donc quelques id\u00e9es et bons plans pour cuisiner son panier chaque semaine, avec des produits de saison. Si vous-m\u00eame avez des trucs ou des recettes f\u00e9tiches \u00e0 &hellip; <a href=\"https:\/\/www.lesjardinsdelaroussiere.fr\/?page_id=149\">Continuer la lecture <span class=\"meta-nav\">&rarr;<\/span><\/a><\/p>\n","protected":false},"author":1,"featured_media":0,"parent":0,"menu_order":4,"comment_status":"closed","ping_status":"closed","template":"","meta":[],"_links":{"self":[{"href":"https:\/\/www.lesjardinsdelaroussiere.fr\/index.php?rest_route=\/wp\/v2\/pages\/149"}],"collection":[{"href":"https:\/\/www.lesjardinsdelaroussiere.fr\/index.php?rest_route=\/wp\/v2\/pages"}],"about":[{"href":"https:\/\/www.lesjardinsdelaroussiere.fr\/index.php?rest_route=\/wp\/v2\/types\/page"}],"author":[{"embeddable":true,"href":"https:\/\/www.lesjardinsdelaroussiere.fr\/index.php?rest_route=\/wp\/v2\/users\/1"}],"replies":[{"embeddable":true,"href":"https:\/\/www.lesjardinsdelaroussiere.fr\/index.php?rest_route=%2Fwp%2Fv2%2Fcomments&post=149"}],"version-history":[{"count":13,"href":"https:\/\/www.lesjardinsdelaroussiere.fr\/index.php?rest_route=\/wp\/v2\/pages\/149\/revisions"}],"predecessor-version":[{"id":9251,"href":"https:\/\/www.lesjardinsdelaroussiere.fr\/index.php?rest_route=\/wp\/v2\/pages\/149\/revisions\/9251"}],"wp:attachment":[{"href":"https:\/\/www.lesjardinsdelaroussiere.fr\/index.php?rest_route=%2Fwp%2Fv2%2Fmedia&parent=149"}],"curies":[{"name":"wp","href":"https:\/\/api.w.org\/{rel}","templated":true}]}}