{"id":147,"date":"2010-05-17T12:32:16","date_gmt":"2010-05-17T10:32:16","guid":{"rendered":"http:\/\/localhost\/wordpress\/?page_id=147"},"modified":"2023-03-02T21:22:17","modified_gmt":"2023-03-02T20:22:17","slug":"la-distribution-des-paniers","status":"publish","type":"page","link":"https:\/\/www.lesjardinsdelaroussiere.fr\/?page_id=147","title":{"rendered":"Contact"},"content":{"rendered":"<p><strong>Contactez l&rsquo;AMAP de Montreuil-Juign\u00e9 :<br \/>\n<\/strong><strong> \u00a0<a href=\"mailto:lesjardinsdelaroussiere@laposte.net\">lesjardinsdelaroussiere@laposte.net\u00a0<\/a><\/strong><\/p>\n<p><strong>lieu de livraison: <\/strong>sous le pr\u00e9au de l&rsquo;\u00e9cole Henri David Montreuil-Juign\u00e9 (centre ville)<\/p>\n<div>\n<div><strong>La distribution des paniers et denr\u00e9es a lieu chaque jeudi de 18h30 \u00e0 19h30<\/strong><\/div>\n<div style=\"text-align: justify;\">L&rsquo;acc\u00e8s se fait par le portail situ\u00e9 au plus pr\u00e8s de l&rsquo;arri\u00e8re du centre commercial.<\/div>\n<p style=\"text-align: justify;\">Chaque adh\u00e9rent doit signer une fiche d&rsquo;\u00e9margement apr\u00e8s avoir retir\u00e9 son panier.<\/p>\n<p style=\"text-align: justify;\">Si vous ne pouvez pas venir retirer votre panier, il faut s&rsquo;arranger avec un autre adh\u00e9rent ou ami, voisin, qui retirera votre panier \u00e0 votre place.<\/p>\n<div><\/div>\n<\/div>\n","protected":false},"excerpt":{"rendered":"<p>Contactez l&rsquo;AMAP de Montreuil-Juign\u00e9 : \u00a0lesjardinsdelaroussiere@laposte.net\u00a0 lieu de livraison: sous le pr\u00e9au de l&rsquo;\u00e9cole Henri David Montreuil-Juign\u00e9 (centre ville) La distribution des paniers et denr\u00e9es a lieu chaque jeudi de 18h30 \u00e0 19h30 L&rsquo;acc\u00e8s se fait par le portail situ\u00e9 &hellip; <a href=\"https:\/\/www.lesjardinsdelaroussiere.fr\/?page_id=147\">Continuer la lecture <span class=\"meta-nav\">&rarr;<\/span><\/a><\/p>\n","protected":false},"author":1,"featured_media":0,"parent":0,"menu_order":1,"comment_status":"closed","ping_status":"closed","template":"","meta":[],"_links":{"self":[{"href":"https:\/\/www.lesjardinsdelaroussiere.fr\/index.php?rest_route=\/wp\/v2\/pages\/147"}],"collection":[{"href":"https:\/\/www.lesjardinsdelaroussiere.fr\/index.php?rest_route=\/wp\/v2\/pages"}],"about":[{"href":"https:\/\/www.lesjardinsdelaroussiere.fr\/index.php?rest_route=\/wp\/v2\/types\/page"}],"author":[{"embeddable":true,"href":"https:\/\/www.lesjardinsdelaroussiere.fr\/index.php?rest_route=\/wp\/v2\/users\/1"}],"replies":[{"embeddable":true,"href":"https:\/\/www.lesjardinsdelaroussiere.fr\/index.php?rest_route=%2Fwp%2Fv2%2Fcomments&post=147"}],"version-history":[{"count":12,"href":"https:\/\/www.lesjardinsdelaroussiere.fr\/index.php?rest_route=\/wp\/v2\/pages\/147\/revisions"}],"predecessor-version":[{"id":8949,"href":"https:\/\/www.lesjardinsdelaroussiere.fr\/index.php?rest_route=\/wp\/v2\/pages\/147\/revisions\/8949"}],"wp:attachment":[{"href":"https:\/\/www.lesjardinsdelaroussiere.fr\/index.php?rest_route=%2Fwp%2Fv2%2Fmedia&parent=147"}],"curies":[{"name":"wp","href":"https:\/\/api.w.org\/{rel}","templated":true}]}}