{"id":13,"date":"2010-05-17T07:31:07","date_gmt":"2010-05-17T05:31:07","guid":{"rendered":"http:\/\/localhost\/wordpress\/?page_id=2"},"modified":"2024-01-06T15:21:01","modified_gmt":"2024-01-06T14:21:01","slug":"page-d-exemple","status":"publish","type":"page","link":"https:\/\/www.lesjardinsdelaroussiere.fr\/?page_id=13","title":{"rendered":"L&rsquo;association"},"content":{"rendered":"<h3><\/h3>\n<h3><\/h3>\n<div style=\"text-align: justify;\">\n<p><strong>L&rsquo;AMAP <\/strong>(Association pour le Maintien d\u2019une Agriculture Paysanne) des Jardins de la Roussi\u00e8re, \u00e0 Montreuil-Juign\u00e9 (49) est un groupe de consommateurs qui, \u00e0 travers la constitution d&rsquo;une association souhaite soutenir l&rsquo;agriculture locale et biologique.<\/p>\n<p>Pour cela, chaque consommateur ach\u00e8te \u00e0 l\u2019avance sa part de production \u00e0 un ou plusieurs producteurs locaux.(panier de l\u00e9gumes, fruits, viandes, produits laitiers,\u2026).<br \/>\n<strong><br \/>\n<\/strong><\/p>\n<\/div>\n<div style=\"text-align: justify;\"><em><strong><a title=\"Les statuts de l'AMAP Les Jardins de la Roussi\u00e8re\" href=\"http:\/\/lesjardinsdelaroussiere.fr\/wp-content\/uploads\/2011\/11\/Statuts_AMAP_Les_Jardins_de_la_Roussiere.pdf\" target=\"_blank\" rel=\"noopener\">Les statuts de l&rsquo;association<br \/>\n<\/a><\/strong><\/em><br \/>\n<em><strong><a href=\"http:\/\/lesjardinsdelaroussiere.fr\/wp-content\/uploads\/2011\/11\/Reglement_interieur_AMAP_Les_Jardins_de_la_Roussiere.pdf\" target=\"_blank\" rel=\"noopener\">Le r\u00e8glement int\u00e9rieur<\/a><\/strong><\/em><\/div>\n<div style=\"text-align: justify;\">Une distribution des produits est organis\u00e9e chaque semaine par les producteurs et des membres de l\u2019association.<\/div>\n<p style=\"text-align: justify;\"><strong>AMAP des Jardins de\u00a0la Roussi\u00e8re &#8211; Mode d&#8217;emploi :<\/strong><br \/>\nFaire partie\u00a0 de l&rsquo;AMAP, c&rsquo;est simple :<\/p>\n<p style=\"text-align: justify;\"><strong>1\/ Adh\u00e9rer \u00e0 l&rsquo;association :<\/strong><\/p>\n<div style=\"text-align: justify;\">\n<p>Cotisation annuelle de 7 euros minimum qui sert \u00e0 couvrir les frais courants de fonctionnement de l\u2019association.<\/p>\n<\/div>\n<p style=\"text-align: justify;\"><strong>2\/ Signer le contrat avec le producteur :<\/strong><br \/>\nA travers le contrat, le consommateur s&rsquo;engage \u00e0 acheter une partie de la production de chaque du producteur sur une dur\u00e9e donn\u00e9e.<\/p>\n<p style=\"text-align: justify;\">Lors de la signature du contrat, le consommateur fait le nombre de ch\u00e8ques indiqu\u00e9 dans le contrat.<br \/>\nLe r\u00e9f\u00e9rent de la production (membre d\u00e9sign\u00e9 du bureau de l&rsquo;association), les r\u00e9cup\u00e8re, et les remettra chaque 10 du mois au producteur.<\/p>\n<p style=\"text-align: justify;\"><strong>3\/ Venir chercher son panier chaque semaine<\/strong><br \/>\nLa distribution des paniers a lieu chaque jeudi, de 18H30 \u00e0 19H30, sous \u00a0le pr\u00e9au de l&rsquo;\u00e9cole Henri David \u00e0 Montreuil-Juign\u00e9.<\/p>\n<p>&nbsp;<\/p>\n<p>&nbsp;<\/p>\n","protected":false},"excerpt":{"rendered":"<p>L&rsquo;AMAP (Association pour le Maintien d\u2019une Agriculture Paysanne) des Jardins de la Roussi\u00e8re, \u00e0 Montreuil-Juign\u00e9 (49) est un groupe de consommateurs qui, \u00e0 travers la constitution d&rsquo;une association souhaite soutenir l&rsquo;agriculture locale et biologique. Pour cela, chaque consommateur ach\u00e8te \u00e0 &hellip; <a href=\"https:\/\/www.lesjardinsdelaroussiere.fr\/?page_id=13\">Continuer la lecture <span class=\"meta-nav\">&rarr;<\/span><\/a><\/p>\n","protected":false},"author":1,"featured_media":0,"parent":0,"menu_order":5,"comment_status":"closed","ping_status":"closed","template":"","meta":[],"_links":{"self":[{"href":"https:\/\/www.lesjardinsdelaroussiere.fr\/index.php?rest_route=\/wp\/v2\/pages\/13"}],"collection":[{"href":"https:\/\/www.lesjardinsdelaroussiere.fr\/index.php?rest_route=\/wp\/v2\/pages"}],"about":[{"href":"https:\/\/www.lesjardinsdelaroussiere.fr\/index.php?rest_route=\/wp\/v2\/types\/page"}],"author":[{"embeddable":true,"href":"https:\/\/www.lesjardinsdelaroussiere.fr\/index.php?rest_route=\/wp\/v2\/users\/1"}],"replies":[{"embeddable":true,"href":"https:\/\/www.lesjardinsdelaroussiere.fr\/index.php?rest_route=%2Fwp%2Fv2%2Fcomments&post=13"}],"version-history":[{"count":16,"href":"https:\/\/www.lesjardinsdelaroussiere.fr\/index.php?rest_route=\/wp\/v2\/pages\/13\/revisions"}],"predecessor-version":[{"id":9215,"href":"https:\/\/www.lesjardinsdelaroussiere.fr\/index.php?rest_route=\/wp\/v2\/pages\/13\/revisions\/9215"}],"wp:attachment":[{"href":"https:\/\/www.lesjardinsdelaroussiere.fr\/index.php?rest_route=%2Fwp%2Fv2%2Fmedia&parent=13"}],"curies":[{"name":"wp","href":"https:\/\/api.w.org\/{rel}","templated":true}]}}